{"id":7,"date":"2021-05-09T07:26:21","date_gmt":"2021-05-09T07:26:21","guid":{"rendered":"https:\/\/cekel.de\/?page_id=7"},"modified":"2021-07-29T19:18:06","modified_gmt":"2021-07-29T19:18:06","slug":"orhan-cekel","status":"publish","type":"page","link":"https:\/\/cekel.de\/","title":{"rendered":"Orhan Cekel Consulting, Hamburg"},"content":{"rendered":"\n\n\n\n<ul class=\"wp-block-list\"><li>\u00fcber 35 Jahre Erfahrungen im Umweltschutz und Genehmigungsrecht in Deutschland, davon im Wesentlichen im Bereich der prim\u00e4r und sekund\u00e4ren NE-Metallindustrie<\/li><\/ul>\n\n\n\n<ul class=\"wp-block-list\"><li>Professionelle Beratung in Umweltschutztechnologien, Anlagen- und Verfahrenstechniken zur Abgas- und Abwasserreinigung<\/li><\/ul>\n\n\n\n<ul class=\"wp-block-list\"><li>Beauftragter f\u00fcr Immissionsschutz gem\u00e4\u00df dem deutschen Bundes-Immissionsschutzgesetz (BImSchG)<\/li><\/ul>\n\n\n\n<ul class=\"wp-block-list\"><li>Deutsches Genehmigungsrecht gem\u00e4\u00df BImSchG und europ\u00e4ischer Umweltschutzrichtlinien und NFM BAT (Best available Technologies Non-Ferous-Metal)<\/li><\/ul>\n\n\n\n<ul class=\"wp-block-list\"><li>Experte in messtechnischer Identifizierung, Bewertung und Minderung diffuser Emissionen industrieller Prozesse und Verfahren<\/li><\/ul>\n\n\n\n<ul class=\"wp-block-list\"><li>Fachexpertise in Emissions- und Immissionsme\u00dftechnik<\/li><\/ul>\n\n\n\n<ul class=\"wp-block-list\"><li>Langj\u00e4hrige Erfahrungen in nationalen und internationalen Industrieanlagen<\/li><\/ul>\n\n\n\n\n\n\n<h3 class=\"wp-block-heading\">Kurz-Vita<\/h3>\n\n\n\n<p>1959 wurde ich in der Bosporus Metropole Istanbul geboren und kam als fr\u00fcher Import, im Kleinkindalter nach Deutschland. Hier schlug ich in Hamburg wurzeln, wo ich &#8211; vom Kindergarten \u00fcber Hochschulreife bis hin zum Studium der <strong>Produktionstechnik<\/strong> &#8211; alle Bildungsinstitutionen durchlief. <\/p>\n\n\n\n<p>Als Ingenieur liegt meine Kernkompetenz zweifelsohne in den Techniken, die dem Umweltschutz dienen. Diese habe ich in den mehr als 30 Jahren als technischer Angestellter bei der heutigen Aurubis AG (ex. Norddeutsche Affinerie AG) und hiervon mehr als \u00fcber eine Dekade als leitender Angestellter ausbauen und erfahren d\u00fcrfen.<br>2020 habe ich meine Fr\u00fchpension angestrebt, um meine Vision von Umweltschutzberatung zu realisieren und bin bereit, Ihnen mit meiner Expertise und Kompetenz in allen Fragen eines optimalen Umweltschutzes zur Seite zu stehen.<br><\/p>\n\n\n\n<p>Meine Vision folgt hierbei dem Grundsatz, dass der alleinige Blick auf die End-of-Pipe-L\u00f6sung nicht unbedingt die beste L\u00f6sung darstellt \u2013 das Kunstst\u00fcck liegt darin, die Balance zu finden, zwischen dem betriebs- und verfahrenstechnisch erforderlichen, dem wirtschaftlich vertretbaren und der f\u00fcr den Umweltschutz nachhaltigsten und effizient-wirtschaftlichsten L\u00f6sung. Bei den sich stetig \u00e4ndernden Einfl\u00fcssen und Gegebenheiten auf die heutigen Produktionsprozesse ist dies mehr denn je von hoher Bedeutung.<\/p>\n\n\n\n<h3 class=\"wp-block-heading\">Orhan Cekel<\/h3>\n\n\n\n<div class=\"wp-block-columns is-layout-flex wp-container-core-columns-is-layout-9d6595d7 wp-block-columns-is-layout-flex\">\n<div class=\"wp-block-column is-layout-flow wp-block-column-is-layout-flow\">\n<p><strong>Orhan Cekel Consulting<\/strong><\/p>\n\n\n\n<p>Telefon: +49 172 427 21 85<\/p>\n\n\n\n<p>E-Mail: info@cekel.de<\/p>\n\n\n\n<p>Rickelstra\u00dfe 23<\/p>\n\n\n\n<p>21077 Hamburg<\/p>\n\n\n\n<p>Germany<\/p>\n<\/div>\n\n\n\n<div class=\"wp-block-column is-layout-flow wp-block-column-is-layout-flow\">\n<p><\/p>\n\n\n\n<p><\/p>\n<\/div>\n\n\n\n<div class=\"wp-block-column is-layout-flow wp-block-column-is-layout-flow\">\n<figure class=\"wp-block-image size-large\"><img loading=\"lazy\" decoding=\"async\" width=\"864\" height=\"1024\" src=\"https:\/\/cekel.de\/wp-content\/uploads\/2021\/06\/portrait_cekel_de-1-864x1024.jpg\" alt=\"\" class=\"wp-image-29\" srcset=\"https:\/\/cekel.de\/wp-content\/uploads\/2021\/06\/portrait_cekel_de-1-864x1024.jpg 864w, https:\/\/cekel.de\/wp-content\/uploads\/2021\/06\/portrait_cekel_de-1-253x300.jpg 253w, https:\/\/cekel.de\/wp-content\/uploads\/2021\/06\/portrait_cekel_de-1-768x910.jpg 768w, https:\/\/cekel.de\/wp-content\/uploads\/2021\/06\/portrait_cekel_de-1-1296x1536.jpg 1296w, https:\/\/cekel.de\/wp-content\/uploads\/2021\/06\/portrait_cekel_de-1-1728x2048.jpg 1728w, https:\/\/cekel.de\/wp-content\/uploads\/2021\/06\/portrait_cekel_de-1-1568x1858.jpg 1568w\" sizes=\"auto, (max-width: 864px) 100vw, 864px\" \/><\/figure>\n<\/div>\n<\/div>\n\n\n\n<p>&nbsp;<\/p>\n","protected":false},"excerpt":{"rendered":"<p>\u00fcber 35 Jahre Erfahrungen im Umweltschutz und Genehmigungsrecht in Deutschland, davon im Wesentlichen im Bereich der prim\u00e4r und sekund\u00e4ren NE-Metallindustrie Professionelle Beratung in Umweltschutztechnologien, Anlagen- und Verfahrenstechniken zur Abgas- und Abwasserreinigung Beauftragter f\u00fcr Immissionsschutz gem\u00e4\u00df dem deutschen Bundes-Immissionsschutzgesetz (BImSchG) Deutsches Genehmigungsrecht gem\u00e4\u00df BImSchG und europ\u00e4ischer Umweltschutzrichtlinien und NFM BAT (Best available Technologies Non-Ferous-Metal) Experte in &hellip; <\/p>\n<p class=\"link-more\"><a href=\"https:\/\/cekel.de\/\" class=\"more-link\"><span class=\"screen-reader-text\">&#8222;Orhan Cekel Consulting, Hamburg&#8220;<\/span> weiterlesen<\/a><\/p>\n","protected":false},"author":1,"featured_media":0,"parent":0,"menu_order":0,"comment_status":"closed","ping_status":"closed","template":"","meta":{"footnotes":""},"class_list":["post-7","page","type-page","status-publish","hentry","entry"],"_links":{"self":[{"href":"https:\/\/cekel.de\/index.php\/wp-json\/wp\/v2\/pages\/7","targetHints":{"allow":["GET"]}}],"collection":[{"href":"https:\/\/cekel.de\/index.php\/wp-json\/wp\/v2\/pages"}],"about":[{"href":"https:\/\/cekel.de\/index.php\/wp-json\/wp\/v2\/types\/page"}],"author":[{"embeddable":true,"href":"https:\/\/cekel.de\/index.php\/wp-json\/wp\/v2\/users\/1"}],"replies":[{"embeddable":true,"href":"https:\/\/cekel.de\/index.php\/wp-json\/wp\/v2\/comments?post=7"}],"version-history":[{"count":41,"href":"https:\/\/cekel.de\/index.php\/wp-json\/wp\/v2\/pages\/7\/revisions"}],"predecessor-version":[{"id":103,"href":"https:\/\/cekel.de\/index.php\/wp-json\/wp\/v2\/pages\/7\/revisions\/103"}],"wp:attachment":[{"href":"https:\/\/cekel.de\/index.php\/wp-json\/wp\/v2\/media?parent=7"}],"curies":[{"name":"wp","href":"https:\/\/api.w.org\/{rel}","templated":true}]}}